{"id":7352,"date":"2020-09-28T18:44:04","date_gmt":"2020-09-28T16:44:04","guid":{"rendered":"https:\/\/mussner.info\/individuelle-kircheneinrichtung\/"},"modified":"2021-04-16T19:44:09","modified_gmt":"2021-04-16T17:44:09","slug":"liturgical-furnishings-for-churches","status":"publish","type":"page","link":"https:\/\/mussner.info\/en\/liturgical-furnishings-for-churches\/","title":{"rendered":"Liturgical furnishings for churches"},"content":{"rendered":"\t\t<div data-elementor-type=\"wp-post\" data-elementor-id=\"7352\" class=\"elementor elementor-7352 elementor-7156\" data-elementor-post-type=\"page\">\n\t\t\t\t\t\t<section class=\"elementor-section elementor-top-section elementor-element elementor-element-87b6ee7 elementor-section-full_width elementor-section-height-default elementor-section-height-default\" data-id=\"87b6ee7\" data-element_type=\"section\">\n\t\t\t\t\t\t<div class=\"elementor-container elementor-column-gap-default\">\n\t\t\t\t\t<div class=\"elementor-column elementor-col-100 elementor-top-column elementor-element elementor-element-96fa290\" data-id=\"96fa290\" data-element_type=\"column\" data-settings=\"{&quot;background_background&quot;:&quot;classic&quot;}\">\n\t\t\t<div class=\"elementor-widget-wrap elementor-element-populated\">\n\t\t\t\t\t\t<div class=\"elementor-element elementor-element-62bd1ae elementor-widget elementor-widget-ova_heading_page\" data-id=\"62bd1ae\" data-element_type=\"widget\" data-widget_type=\"ova_heading_page.default\">\n\t\t\t\t<div class=\"elementor-widget-container\">\n\t\t\t\t\t\n\t\t<section class=\"heading-page\" style=\"background-image: url(https:\/\/mussner.info\/wp-content\/uploads\/2019\/08\/altar-1.jpg)\" >\n\t\t\t<div class=\"container\">\n\t\t\t\t<div class=\"cta-content\">\n\t\t\t\t\t\t\t\t\t\t\t<h2 class=\"second_font\">Sculptures<\/h2>\n\t\t\t\t\t\t\t\t\t\t\n\t\t\t\t<\/div>\n\t\t\t<\/div>\n\t\t<\/section>\n\n\t\t\t\t\t<\/div>\n\t\t\t\t<\/div>\n\t\t\t\t\t<\/div>\n\t\t<\/div>\n\t\t\t\t\t<\/div>\n\t\t<\/section>\n\t\t\t\t<section class=\"elementor-section elementor-top-section elementor-element elementor-element-ac5a5bd elementor-section-boxed elementor-section-height-default elementor-section-height-default\" data-id=\"ac5a5bd\" data-element_type=\"section\">\n\t\t\t\t\t\t<div class=\"elementor-container elementor-column-gap-default\">\n\t\t\t\t\t<div class=\"elementor-column elementor-col-100 elementor-top-column elementor-element elementor-element-d4501c6\" data-id=\"d4501c6\" data-element_type=\"column\">\n\t\t\t<div class=\"elementor-widget-wrap elementor-element-populated\">\n\t\t\t\t\t\t<div class=\"elementor-element elementor-element-8d4591e elementor-widget elementor-widget-ova_heading\" data-id=\"8d4591e\" data-element_type=\"widget\" data-widget_type=\"ova_heading.default\">\n\t\t\t\t<div class=\"elementor-widget-container\">\n\t\t\t\t\t\t\t<div class=\"ova_heading\">\n\t\t\t\t\t\t\t<h1 class=\"heading_title second_font\">Liturgical furnishings for churches<\/h1>\n\t\t\t\t\t\t\t\t\t\t<h2 class=\"sub_title second_font\">Ars sacra from South Tyrol<\/h2>\n\t\t\t\t\t<\/div>\n\t\t\t\t\t\t<\/div>\n\t\t\t\t<\/div>\n\t\t\t\t<div class=\"elementor-element elementor-element-64fe9a8 elementor-widget elementor-widget-menu-anchor\" data-id=\"64fe9a8\" data-element_type=\"widget\" data-widget_type=\"menu-anchor.default\">\n\t\t\t\t<div class=\"elementor-widget-container\">\n\t\t\t\t\t\t\t<div class=\"elementor-menu-anchor\" id=\"holz\"><\/div>\n\t\t\t\t\t\t<\/div>\n\t\t\t\t<\/div>\n\t\t\t\t<div class=\"elementor-element elementor-element-0c7b24c elementor-widget elementor-widget-spacer\" data-id=\"0c7b24c\" data-element_type=\"widget\" data-widget_type=\"spacer.default\">\n\t\t\t\t<div class=\"elementor-widget-container\">\n\t\t\t\t\t\t\t<div class=\"elementor-spacer\">\n\t\t\t<div class=\"elementor-spacer-inner\"><\/div>\n\t\t<\/div>\n\t\t\t\t\t\t<\/div>\n\t\t\t\t<\/div>\n\t\t\t\t<div class=\"elementor-element elementor-element-059a9fd line-height-32 elementor-widget elementor-widget-text-editor\" data-id=\"059a9fd\" data-element_type=\"widget\" data-widget_type=\"text-editor.default\">\n\t\t\t\t<div class=\"elementor-widget-container\">\n\t\t\t\t\t\t\t\t\t<p>At Mussner G. Vincenzo we are experts in creating sculpted liturgical furnishings.<\/p><p>Would you like to refurbish the sanctuary of your church? Need a new ambo or altar? We develop a suitable project for your church, executing it in media such as wood, marble or bronze.<\/p><p>\u00a0<\/p><p>Are you worried about adapting contemporary liturgical furniture with antique furnishings? This is a challenge that we are used to overcoming. Our sculptors, ornamentists, carpenters, painters and gilders have great artistic vision and years of professional work experience.<\/p><p>\u00a0<\/p><p>Do you want to make a marble altar, but are worried about the weight? We at Mussner G. Vincenzo can create altars and other church interiors in wood with a false marble finish. The false marble will be crafted to match the existing marble in your church.<\/p><p>\u00a0<\/p><p>No matter what style your church is, whether it be gothic, baroque, renaissance or contemporary, Mussner G. Vincenzo is your specialist for liturgical furniture.<\/p><p>\u00a0<\/p><p>We are also very experienced in restoring altars and old church furnishings, replacing missing parts. The mastery of our artisans will deliver a stunning result.<\/p><p>\u00a0<\/p>\t\t\t\t\t\t\t\t<\/div>\n\t\t\t\t<\/div>\n\t\t\t\t\t<\/div>\n\t\t<\/div>\n\t\t\t\t\t<\/div>\n\t\t<\/section>\n\t\t\t\t<section class=\"elementor-section elementor-top-section elementor-element elementor-element-2eff834 elementor-section-boxed elementor-section-height-default elementor-section-height-default\" data-id=\"2eff834\" data-element_type=\"section\">\n\t\t\t\t\t\t<div class=\"elementor-container elementor-column-gap-default\">\n\t\t\t\t\t<div class=\"elementor-column elementor-col-100 elementor-top-column elementor-element elementor-element-15e509b\" data-id=\"15e509b\" data-element_type=\"column\">\n\t\t\t<div class=\"elementor-widget-wrap elementor-element-populated\">\n\t\t\t\t\t\t<div class=\"elementor-element elementor-element-87beaf3 elementor-button-danger elementor-align-center elementor-widget elementor-widget-button\" data-id=\"87beaf3\" data-element_type=\"widget\" data-widget_type=\"button.default\">\n\t\t\t\t<div class=\"elementor-widget-container\">\n\t\t\t\t\t\t\t\t\t<div class=\"elementor-button-wrapper\">\n\t\t\t\t\t<a class=\"elementor-button elementor-button-link elementor-size-lg\" href=\"https:\/\/mussner.info\/en\/works\/\">\n\t\t\t\t\t\t<span class=\"elementor-button-content-wrapper\">\n\t\t\t\t\t\t\t\t\t<span class=\"elementor-button-text\">See some works we already realized<\/span>\n\t\t\t\t\t<\/span>\n\t\t\t\t\t<\/a>\n\t\t\t\t<\/div>\n\t\t\t\t\t\t\t\t<\/div>\n\t\t\t\t<\/div>\n\t\t\t\t\t<\/div>\n\t\t<\/div>\n\t\t\t\t\t<\/div>\n\t\t<\/section>\n\t\t\t\t<section class=\"elementor-section elementor-top-section elementor-element elementor-element-fabf9af elementor-section-boxed elementor-section-height-default elementor-section-height-default\" data-id=\"fabf9af\" data-element_type=\"section\">\n\t\t\t\t\t\t<div class=\"elementor-container elementor-column-gap-default\">\n\t\t\t\t\t<div class=\"elementor-column elementor-col-100 elementor-top-column elementor-element elementor-element-0c8c491\" data-id=\"0c8c491\" data-element_type=\"column\">\n\t\t\t<div class=\"elementor-widget-wrap elementor-element-populated\">\n\t\t\t\t\t\t<div class=\"elementor-element elementor-element-8e2e67f elementor-widget elementor-widget-spacer\" data-id=\"8e2e67f\" data-element_type=\"widget\" data-widget_type=\"spacer.default\">\n\t\t\t\t<div class=\"elementor-widget-container\">\n\t\t\t\t\t\t\t<div class=\"elementor-spacer\">\n\t\t\t<div class=\"elementor-spacer-inner\"><\/div>\n\t\t<\/div>\n\t\t\t\t\t\t<\/div>\n\t\t\t\t<\/div>\n\t\t\t\t\t<\/div>\n\t\t<\/div>\n\t\t\t\t\t<\/div>\n\t\t<\/section>\n\t\t\t\t<\/div>\n\t\t","protected":false},"excerpt":{"rendered":"<p>Sculptures Liturgical furnishings for churches Ars sacra from South Tyrol At Mussner G. Vincenzo we are experts in creating sculpted liturgical furnishings. Would you like to refurbish the sanctuary of your church? Need a new ambo or altar? We develop a suitable project for your church, executing it in media such as wood, marble or [&hellip;]<\/p>\n","protected":false},"author":1,"featured_media":0,"parent":0,"menu_order":0,"comment_status":"closed","ping_status":"closed","template":"elementor_header_footer","meta":{"footnotes":""},"class_list":["post-7352","page","type-page","status-publish","hentry"],"yoast_head":"<!-- This site is optimized with the Yoast SEO plugin v26.3 - https:\/\/yoast.com\/wordpress\/plugins\/seo\/ -->\n<title>Liturgical furnishings for churches , Alt\u00e4re, Lektern, Tabernakel &#8212; Mussner G. Vincenzo<\/title>\n<meta name=\"description\" content=\"Mussner G. Vincenzo ist der Spezialist f\u00fcr individuell geschnitzte und k\u00fcnstlerische Kircheneinrichtung f\u00fcr Ihre Kirche, Kapelle oder Basilika\" \/>\n<meta name=\"robots\" content=\"index, follow, max-snippet:-1, max-image-preview:large, max-video-preview:-1\" \/>\n<link rel=\"canonical\" href=\"https:\/\/mussner.info\/en\/liturgical-furnishings-for-churches\/\" \/>\n<meta property=\"og:locale\" content=\"en_US\" \/>\n<meta property=\"og:type\" content=\"article\" \/>\n<meta property=\"og:title\" content=\"Liturgical furnishings for churches , Alt\u00e4re, Lektern, Tabernakel &#8212; Mussner G. Vincenzo\" \/>\n<meta property=\"og:description\" content=\"Mussner G. Vincenzo ist der Spezialist f\u00fcr individuell geschnitzte und k\u00fcnstlerische Kircheneinrichtung f\u00fcr Ihre Kirche, Kapelle oder Basilika\" \/>\n<meta property=\"og:url\" content=\"https:\/\/mussner.info\/en\/liturgical-furnishings-for-churches\/\" \/>\n<meta property=\"og:site_name\" content=\"Mussner G. Vincenzo\" \/>\n<meta property=\"article:publisher\" content=\"https:\/\/www.facebook.com\/pages\/Mussner-GVincenzo-Ars-Sacra\/904098456317076\" \/>\n<meta property=\"article:modified_time\" content=\"2021-04-16T17:44:09+00:00\" \/>\n<meta name=\"twitter:card\" content=\"summary_large_image\" \/>\n<meta name=\"twitter:site\" content=\"@GMussner\" \/>\n<meta name=\"twitter:label1\" content=\"Est. reading time\" \/>\n\t<meta name=\"twitter:data1\" content=\"1 minute\" \/>\n<script type=\"application\/ld+json\" class=\"yoast-schema-graph\">{\"@context\":\"https:\/\/schema.org\",\"@graph\":[{\"@type\":\"WebPage\",\"@id\":\"https:\/\/mussner.info\/en\/liturgical-furnishings-for-churches\/\",\"url\":\"https:\/\/mussner.info\/en\/liturgical-furnishings-for-churches\/\",\"name\":\"Liturgical furnishings for churches , Alt\u00e4re, Lektern, Tabernakel &#8212; Mussner G. Vincenzo\",\"isPartOf\":{\"@id\":\"https:\/\/mussner.info\/en\/#website\"},\"datePublished\":\"2020-09-28T16:44:04+00:00\",\"dateModified\":\"2021-04-16T17:44:09+00:00\",\"description\":\"Mussner G. Vincenzo ist der Spezialist f\u00fcr individuell geschnitzte und k\u00fcnstlerische Kircheneinrichtung f\u00fcr Ihre Kirche, Kapelle oder Basilika\",\"breadcrumb\":{\"@id\":\"https:\/\/mussner.info\/en\/liturgical-furnishings-for-churches\/#breadcrumb\"},\"inLanguage\":\"en-US\",\"potentialAction\":[{\"@type\":\"ReadAction\",\"target\":[\"https:\/\/mussner.info\/en\/liturgical-furnishings-for-churches\/\"]}]},{\"@type\":\"BreadcrumbList\",\"@id\":\"https:\/\/mussner.info\/en\/liturgical-furnishings-for-churches\/#breadcrumb\",\"itemListElement\":[{\"@type\":\"ListItem\",\"position\":1,\"name\":\"Startseite\",\"item\":\"https:\/\/mussner.info\/en\/\"},{\"@type\":\"ListItem\",\"position\":2,\"name\":\"Liturgical furnishings for churches\"}]},{\"@type\":\"WebSite\",\"@id\":\"https:\/\/mussner.info\/en\/#website\",\"url\":\"https:\/\/mussner.info\/en\/\",\"name\":\"Mussner G. Vincenzo Ars Sacra - Statuen f\u00fcr Kirchen\",\"description\":\"Bildhauer - Kirchliche Kunst\",\"publisher\":{\"@id\":\"https:\/\/mussner.info\/en\/#organization\"},\"potentialAction\":[{\"@type\":\"SearchAction\",\"target\":{\"@type\":\"EntryPoint\",\"urlTemplate\":\"https:\/\/mussner.info\/en\/?s={search_term_string}\"},\"query-input\":{\"@type\":\"PropertyValueSpecification\",\"valueRequired\":true,\"valueName\":\"search_term_string\"}}],\"inLanguage\":\"en-US\"},{\"@type\":\"Organization\",\"@id\":\"https:\/\/mussner.info\/en\/#organization\",\"name\":\"Mussner Gregor\",\"url\":\"https:\/\/mussner.info\/en\/\",\"logo\":{\"@type\":\"ImageObject\",\"inLanguage\":\"en-US\",\"@id\":\"https:\/\/mussner.info\/en\/#\/schema\/logo\/image\/\",\"url\":\"https:\/\/mussner.info\/wp-content\/uploads\/2019\/02\/logo-white.png\",\"contentUrl\":\"https:\/\/mussner.info\/wp-content\/uploads\/2019\/02\/logo-white.png\",\"width\":217,\"height\":83,\"caption\":\"Mussner Gregor\"},\"image\":{\"@id\":\"https:\/\/mussner.info\/en\/#\/schema\/logo\/image\/\"},\"sameAs\":[\"https:\/\/www.facebook.com\/pages\/Mussner-GVincenzo-Ars-Sacra\/904098456317076\",\"https:\/\/x.com\/GMussner\",\"https:\/\/www.instagram.com\/mussner.g.vincenzo\/\"]}]}<\/script>\n<!-- \/ Yoast SEO plugin. -->","yoast_head_json":{"title":"Liturgical furnishings for churches , Alt\u00e4re, Lektern, Tabernakel &#8212; Mussner G. Vincenzo","description":"Mussner G. Vincenzo ist der Spezialist f\u00fcr individuell geschnitzte und k\u00fcnstlerische Kircheneinrichtung f\u00fcr Ihre Kirche, Kapelle oder Basilika","robots":{"index":"index","follow":"follow","max-snippet":"max-snippet:-1","max-image-preview":"max-image-preview:large","max-video-preview":"max-video-preview:-1"},"canonical":"https:\/\/mussner.info\/en\/liturgical-furnishings-for-churches\/","og_locale":"en_US","og_type":"article","og_title":"Liturgical furnishings for churches , Alt\u00e4re, Lektern, Tabernakel &#8212; Mussner G. Vincenzo","og_description":"Mussner G. Vincenzo ist der Spezialist f\u00fcr individuell geschnitzte und k\u00fcnstlerische Kircheneinrichtung f\u00fcr Ihre Kirche, Kapelle oder Basilika","og_url":"https:\/\/mussner.info\/en\/liturgical-furnishings-for-churches\/","og_site_name":"Mussner G. Vincenzo","article_publisher":"https:\/\/www.facebook.com\/pages\/Mussner-GVincenzo-Ars-Sacra\/904098456317076","article_modified_time":"2021-04-16T17:44:09+00:00","twitter_card":"summary_large_image","twitter_site":"@GMussner","twitter_misc":{"Est. reading time":"1 minute"},"schema":{"@context":"https:\/\/schema.org","@graph":[{"@type":"WebPage","@id":"https:\/\/mussner.info\/en\/liturgical-furnishings-for-churches\/","url":"https:\/\/mussner.info\/en\/liturgical-furnishings-for-churches\/","name":"Liturgical furnishings for churches , Alt\u00e4re, Lektern, Tabernakel &#8212; Mussner G. Vincenzo","isPartOf":{"@id":"https:\/\/mussner.info\/en\/#website"},"datePublished":"2020-09-28T16:44:04+00:00","dateModified":"2021-04-16T17:44:09+00:00","description":"Mussner G. Vincenzo ist der Spezialist f\u00fcr individuell geschnitzte und k\u00fcnstlerische Kircheneinrichtung f\u00fcr Ihre Kirche, Kapelle oder Basilika","breadcrumb":{"@id":"https:\/\/mussner.info\/en\/liturgical-furnishings-for-churches\/#breadcrumb"},"inLanguage":"en-US","potentialAction":[{"@type":"ReadAction","target":["https:\/\/mussner.info\/en\/liturgical-furnishings-for-churches\/"]}]},{"@type":"BreadcrumbList","@id":"https:\/\/mussner.info\/en\/liturgical-furnishings-for-churches\/#breadcrumb","itemListElement":[{"@type":"ListItem","position":1,"name":"Startseite","item":"https:\/\/mussner.info\/en\/"},{"@type":"ListItem","position":2,"name":"Liturgical furnishings for churches"}]},{"@type":"WebSite","@id":"https:\/\/mussner.info\/en\/#website","url":"https:\/\/mussner.info\/en\/","name":"Mussner G. Vincenzo Ars Sacra - Statuen f\u00fcr Kirchen","description":"Bildhauer - Kirchliche Kunst","publisher":{"@id":"https:\/\/mussner.info\/en\/#organization"},"potentialAction":[{"@type":"SearchAction","target":{"@type":"EntryPoint","urlTemplate":"https:\/\/mussner.info\/en\/?s={search_term_string}"},"query-input":{"@type":"PropertyValueSpecification","valueRequired":true,"valueName":"search_term_string"}}],"inLanguage":"en-US"},{"@type":"Organization","@id":"https:\/\/mussner.info\/en\/#organization","name":"Mussner Gregor","url":"https:\/\/mussner.info\/en\/","logo":{"@type":"ImageObject","inLanguage":"en-US","@id":"https:\/\/mussner.info\/en\/#\/schema\/logo\/image\/","url":"https:\/\/mussner.info\/wp-content\/uploads\/2019\/02\/logo-white.png","contentUrl":"https:\/\/mussner.info\/wp-content\/uploads\/2019\/02\/logo-white.png","width":217,"height":83,"caption":"Mussner Gregor"},"image":{"@id":"https:\/\/mussner.info\/en\/#\/schema\/logo\/image\/"},"sameAs":["https:\/\/www.facebook.com\/pages\/Mussner-GVincenzo-Ars-Sacra\/904098456317076","https:\/\/x.com\/GMussner","https:\/\/www.instagram.com\/mussner.g.vincenzo\/"]}]}},"_links":{"self":[{"href":"https:\/\/mussner.info\/en\/wp-json\/wp\/v2\/pages\/7352","targetHints":{"allow":["GET"]}}],"collection":[{"href":"https:\/\/mussner.info\/en\/wp-json\/wp\/v2\/pages"}],"about":[{"href":"https:\/\/mussner.info\/en\/wp-json\/wp\/v2\/types\/page"}],"author":[{"embeddable":true,"href":"https:\/\/mussner.info\/en\/wp-json\/wp\/v2\/users\/1"}],"replies":[{"embeddable":true,"href":"https:\/\/mussner.info\/en\/wp-json\/wp\/v2\/comments?post=7352"}],"version-history":[{"count":7,"href":"https:\/\/mussner.info\/en\/wp-json\/wp\/v2\/pages\/7352\/revisions"}],"predecessor-version":[{"id":7400,"href":"https:\/\/mussner.info\/en\/wp-json\/wp\/v2\/pages\/7352\/revisions\/7400"}],"wp:attachment":[{"href":"https:\/\/mussner.info\/en\/wp-json\/wp\/v2\/media?parent=7352"}],"curies":[{"name":"wp","href":"https:\/\/api.w.org\/{rel}","templated":true}]}}