{"id":7364,"date":"2020-09-28T18:45:48","date_gmt":"2020-09-28T16:45:48","guid":{"rendered":"https:\/\/mussner.info\/handgefertigte-heiligenfiguren\/"},"modified":"2021-04-16T19:43:43","modified_gmt":"2021-04-16T17:43:43","slug":"unique-pieces-for-your-church","status":"publish","type":"page","link":"https:\/\/mussner.info\/en\/unique-pieces-for-your-church\/","title":{"rendered":"Unique pieces for your church"},"content":{"rendered":"\t\t<div data-elementor-type=\"wp-post\" data-elementor-id=\"7364\" class=\"elementor elementor-7364 elementor-7159\" data-elementor-post-type=\"page\">\n\t\t\t\t\t\t<section class=\"elementor-section elementor-top-section elementor-element elementor-element-87b6ee7 elementor-section-full_width elementor-section-height-default elementor-section-height-default\" data-id=\"87b6ee7\" data-element_type=\"section\">\n\t\t\t\t\t\t<div class=\"elementor-container elementor-column-gap-default\">\n\t\t\t\t\t<div class=\"elementor-column elementor-col-100 elementor-top-column elementor-element elementor-element-96fa290\" data-id=\"96fa290\" data-element_type=\"column\" data-settings=\"{&quot;background_background&quot;:&quot;classic&quot;}\">\n\t\t\t<div class=\"elementor-widget-wrap elementor-element-populated\">\n\t\t\t\t\t\t<div class=\"elementor-element elementor-element-62bd1ae elementor-widget elementor-widget-ova_heading_page\" data-id=\"62bd1ae\" data-element_type=\"widget\" data-widget_type=\"ova_heading_page.default\">\n\t\t\t\t<div class=\"elementor-widget-container\">\n\t\t\t\t\t\n\t\t<section class=\"heading-page\" style=\"background-image: url(https:\/\/mussner.info\/wp-content\/uploads\/2019\/04\/jesus.jpg)\" >\n\t\t\t<div class=\"container\">\n\t\t\t\t<div class=\"cta-content\">\n\t\t\t\t\t\t\t\t\t\t\t<h2 class=\"second_font\">Figures of saints<\/h2>\n\t\t\t\t\t\t\t\t\t\t\n\t\t\t\t<\/div>\n\t\t\t<\/div>\n\t\t<\/section>\n\n\t\t\t\t\t<\/div>\n\t\t\t\t<\/div>\n\t\t\t\t\t<\/div>\n\t\t<\/div>\n\t\t\t\t\t<\/div>\n\t\t<\/section>\n\t\t\t\t<section class=\"elementor-section elementor-top-section elementor-element elementor-element-ac5a5bd elementor-section-boxed elementor-section-height-default elementor-section-height-default\" data-id=\"ac5a5bd\" data-element_type=\"section\">\n\t\t\t\t\t\t<div class=\"elementor-container elementor-column-gap-default\">\n\t\t\t\t\t<div class=\"elementor-column elementor-col-100 elementor-top-column elementor-element elementor-element-d4501c6\" data-id=\"d4501c6\" data-element_type=\"column\">\n\t\t\t<div class=\"elementor-widget-wrap elementor-element-populated\">\n\t\t\t\t\t\t<div class=\"elementor-element elementor-element-8d4591e elementor-widget elementor-widget-ova_heading\" data-id=\"8d4591e\" data-element_type=\"widget\" data-widget_type=\"ova_heading.default\">\n\t\t\t\t<div class=\"elementor-widget-container\">\n\t\t\t\t\t\t\t<div class=\"ova_heading\">\n\t\t\t\t\t\t\t<h1 class=\"heading_title second_font\">Unique pieces for your church<\/h1>\n\t\t\t\t\t\t\t\t\t\t<h2 class=\"sub_title second_font\">Handicrafts from Val Gardena in South Tyrol<\/h2>\n\t\t\t\t\t<\/div>\n\t\t\t\t\t\t<\/div>\n\t\t\t\t<\/div>\n\t\t\t\t<div class=\"elementor-element elementor-element-64fe9a8 elementor-widget elementor-widget-menu-anchor\" data-id=\"64fe9a8\" data-element_type=\"widget\" data-widget_type=\"menu-anchor.default\">\n\t\t\t\t<div class=\"elementor-widget-container\">\n\t\t\t\t\t\t\t<div class=\"elementor-menu-anchor\" id=\"holz\"><\/div>\n\t\t\t\t\t\t<\/div>\n\t\t\t\t<\/div>\n\t\t\t\t<div class=\"elementor-element elementor-element-df9e24f elementor-widget elementor-widget-spacer\" data-id=\"df9e24f\" data-element_type=\"widget\" data-widget_type=\"spacer.default\">\n\t\t\t\t<div class=\"elementor-widget-container\">\n\t\t\t\t\t\t\t<div class=\"elementor-spacer\">\n\t\t\t<div class=\"elementor-spacer-inner\"><\/div>\n\t\t<\/div>\n\t\t\t\t\t\t<\/div>\n\t\t\t\t<\/div>\n\t\t\t\t<div class=\"elementor-element elementor-element-059a9fd line-height-32 elementor-widget elementor-widget-text-editor\" data-id=\"059a9fd\" data-element_type=\"widget\" data-widget_type=\"text-editor.default\">\n\t\t\t\t<div class=\"elementor-widget-container\">\n\t\t\t\t\t\t\t\t\t<p>The Church has always been one of the most important patrons of artists and artisans. The most incredible works were created for the Church, like the works of Michelangelo, Raffaello, Leonardo, the Della Robbia and many others. Architects, sculptors, painters and engineers gave their best to the service of the Church.<\/p><p>\u00a0<\/p><p>In the constitution on Sacred Liturgy of the Second Vatican Council., chapter VI, 122 mentions sacred art: <em>&#8221; Among the noblest activities of human ingenuity are, in their own right, the fine arts, especially religious art and its summit, sacred art. They, by their nature, have a relationship with the infinite divine beauty that must be expressed in some way by the works of man, and are all the more oriented to God and to the increase of his praise and glory, since no other purpose has been assigned to them than to contribute as effectively as possible, through their works, to religiously directing the minds of men to God. For these reasons, the holy mother Church has always favored the fine arts, and has always sought their noble service, especially to ensure that things belonging to sacred worship really shone for dignity, decorum and beauty, to signify and symbolize supernatural realities; and she herself has trained artists&#8230;&#8221;<\/em><\/p><p>It continues in point 124<em>: &#8220;In promoting and favouring an authentic sacred art, ordinary people seek rather a noble beauty than a mere sumptuousness. May the bishops take every care to remove from the house of God and other sacred places those works of art, which are contrary to faith, customs and Christian piety; that offend the genuine religious sense, either because they are depraved in form, or because they are insufficient, mediocre or false in artistic expression.&#8221;<\/em><\/p><p>\u00a0<\/p><p>For these reasons and also for our personal ideal we at Mussner G. Vincenzo try to create for each church artistic works, worthy of the sacred place that they are to adorn. Creations with poor materials or mass production are not part of our DNA.<\/p><p>\u00a0<\/p><p>Statues for churches are works of art that must be carefully crafted by the artist. Of course, this requires adequate processing time and great craftsmanship and artistic preparation, which goes together with the use of modern techniques and materials.<\/p>\t\t\t\t\t\t\t\t<\/div>\n\t\t\t\t<\/div>\n\t\t\t\t\t<\/div>\n\t\t<\/div>\n\t\t\t\t\t<\/div>\n\t\t<\/section>\n\t\t\t\t<section class=\"elementor-section elementor-top-section elementor-element elementor-element-6c72ccd elementor-section-boxed elementor-section-height-default elementor-section-height-default\" data-id=\"6c72ccd\" data-element_type=\"section\">\n\t\t\t\t\t\t<div class=\"elementor-container elementor-column-gap-default\">\n\t\t\t\t\t<div class=\"elementor-column elementor-col-100 elementor-top-column elementor-element elementor-element-fd75624\" data-id=\"fd75624\" data-element_type=\"column\">\n\t\t\t<div class=\"elementor-widget-wrap\">\n\t\t\t\t\t\t\t<\/div>\n\t\t<\/div>\n\t\t\t\t\t<\/div>\n\t\t<\/section>\n\t\t\t\t<section class=\"elementor-section elementor-top-section elementor-element elementor-element-587a631 elementor-section-boxed elementor-section-height-default elementor-section-height-default\" data-id=\"587a631\" data-element_type=\"section\">\n\t\t\t\t\t\t<div class=\"elementor-container elementor-column-gap-default\">\n\t\t\t\t\t<div class=\"elementor-column elementor-col-100 elementor-top-column elementor-element elementor-element-bf205c5\" data-id=\"bf205c5\" data-element_type=\"column\">\n\t\t\t<div class=\"elementor-widget-wrap\">\n\t\t\t\t\t\t\t<\/div>\n\t\t<\/div>\n\t\t\t\t\t<\/div>\n\t\t<\/section>\n\t\t\t\t<section class=\"elementor-section elementor-top-section elementor-element elementor-element-c643dce elementor-section-boxed elementor-section-height-default elementor-section-height-default\" data-id=\"c643dce\" data-element_type=\"section\">\n\t\t\t\t\t\t<div class=\"elementor-container elementor-column-gap-default\">\n\t\t\t\t\t<div class=\"elementor-column elementor-col-100 elementor-top-column elementor-element elementor-element-f3425f1\" data-id=\"f3425f1\" data-element_type=\"column\">\n\t\t\t<div class=\"elementor-widget-wrap elementor-element-populated\">\n\t\t\t\t\t\t<div class=\"elementor-element elementor-element-b2b5147 elementor-align-center elementor-widget elementor-widget-button\" data-id=\"b2b5147\" data-element_type=\"widget\" data-widget_type=\"button.default\">\n\t\t\t\t<div class=\"elementor-widget-container\">\n\t\t\t\t\t\t\t\t\t<div class=\"elementor-button-wrapper\">\n\t\t\t\t\t<a class=\"elementor-button elementor-button-link elementor-size-lg\" href=\"https:\/\/mussner.info\/en\/works\/\">\n\t\t\t\t\t\t<span class=\"elementor-button-content-wrapper\">\n\t\t\t\t\t\t\t\t\t<span class=\"elementor-button-text\">Explore our works<\/span>\n\t\t\t\t\t<\/span>\n\t\t\t\t\t<\/a>\n\t\t\t\t<\/div>\n\t\t\t\t\t\t\t\t<\/div>\n\t\t\t\t<\/div>\n\t\t\t\t<div class=\"elementor-element elementor-element-4a9756b elementor-widget elementor-widget-spacer\" data-id=\"4a9756b\" data-element_type=\"widget\" data-widget_type=\"spacer.default\">\n\t\t\t\t<div class=\"elementor-widget-container\">\n\t\t\t\t\t\t\t<div class=\"elementor-spacer\">\n\t\t\t<div class=\"elementor-spacer-inner\"><\/div>\n\t\t<\/div>\n\t\t\t\t\t\t<\/div>\n\t\t\t\t<\/div>\n\t\t\t\t\t<\/div>\n\t\t<\/div>\n\t\t\t\t\t<\/div>\n\t\t<\/section>\n\t\t\t\t<\/div>\n\t\t","protected":false},"excerpt":{"rendered":"<p>Figures of saints Unique pieces for your church Handicrafts from Val Gardena in South Tyrol The Church has always been one of the most important patrons of artists and artisans. The most incredible works were created for the Church, like the works of Michelangelo, Raffaello, Leonardo, the Della Robbia and many others. Architects, sculptors, painters [&hellip;]<\/p>\n","protected":false},"author":1,"featured_media":0,"parent":0,"menu_order":0,"comment_status":"closed","ping_status":"closed","template":"elementor_header_footer","meta":{"footnotes":""},"class_list":["post-7364","page","type-page","status-publish","hentry"],"yoast_head":"<!-- This site is optimized with the Yoast SEO plugin v26.3 - https:\/\/yoast.com\/wordpress\/plugins\/seo\/ -->\n<title>Unique pieces for your church &#8212; Mussner G. Vincenzo<\/title>\n<meta name=\"description\" content=\"Mussner G. Vincenzo fertigt Heiligenfiguren f\u00fcr Kirchen. Individuelle Unikate mit h\u00f6chstem k\u00fcnstlerischen Anspruch.\" \/>\n<meta name=\"robots\" content=\"index, follow, max-snippet:-1, max-image-preview:large, max-video-preview:-1\" \/>\n<link rel=\"canonical\" href=\"https:\/\/mussner.info\/en\/unique-pieces-for-your-church\/\" \/>\n<meta property=\"og:locale\" content=\"en_US\" \/>\n<meta property=\"og:type\" content=\"article\" \/>\n<meta property=\"og:title\" content=\"Unique pieces for your church &#8212; Mussner G. Vincenzo\" \/>\n<meta property=\"og:description\" content=\"Mussner G. Vincenzo fertigt Heiligenfiguren f\u00fcr Kirchen. Individuelle Unikate mit h\u00f6chstem k\u00fcnstlerischen Anspruch.\" \/>\n<meta property=\"og:url\" content=\"https:\/\/mussner.info\/en\/unique-pieces-for-your-church\/\" \/>\n<meta property=\"og:site_name\" content=\"Mussner G. Vincenzo\" \/>\n<meta property=\"article:publisher\" content=\"https:\/\/www.facebook.com\/pages\/Mussner-GVincenzo-Ars-Sacra\/904098456317076\" \/>\n<meta property=\"article:modified_time\" content=\"2021-04-16T17:43:43+00:00\" \/>\n<meta name=\"twitter:card\" content=\"summary_large_image\" \/>\n<meta name=\"twitter:site\" content=\"@GMussner\" \/>\n<meta name=\"twitter:label1\" content=\"Est. reading time\" \/>\n\t<meta name=\"twitter:data1\" content=\"2 minutes\" \/>\n<script type=\"application\/ld+json\" class=\"yoast-schema-graph\">{\"@context\":\"https:\/\/schema.org\",\"@graph\":[{\"@type\":\"WebPage\",\"@id\":\"https:\/\/mussner.info\/en\/unique-pieces-for-your-church\/\",\"url\":\"https:\/\/mussner.info\/en\/unique-pieces-for-your-church\/\",\"name\":\"Unique pieces for your church &#8212; Mussner G. Vincenzo\",\"isPartOf\":{\"@id\":\"https:\/\/mussner.info\/en\/#website\"},\"datePublished\":\"2020-09-28T16:45:48+00:00\",\"dateModified\":\"2021-04-16T17:43:43+00:00\",\"description\":\"Mussner G. Vincenzo fertigt Heiligenfiguren f\u00fcr Kirchen. Individuelle Unikate mit h\u00f6chstem k\u00fcnstlerischen Anspruch.\",\"breadcrumb\":{\"@id\":\"https:\/\/mussner.info\/en\/unique-pieces-for-your-church\/#breadcrumb\"},\"inLanguage\":\"en-US\",\"potentialAction\":[{\"@type\":\"ReadAction\",\"target\":[\"https:\/\/mussner.info\/en\/unique-pieces-for-your-church\/\"]}]},{\"@type\":\"BreadcrumbList\",\"@id\":\"https:\/\/mussner.info\/en\/unique-pieces-for-your-church\/#breadcrumb\",\"itemListElement\":[{\"@type\":\"ListItem\",\"position\":1,\"name\":\"Startseite\",\"item\":\"https:\/\/mussner.info\/en\/\"},{\"@type\":\"ListItem\",\"position\":2,\"name\":\"Unique pieces for your church\"}]},{\"@type\":\"WebSite\",\"@id\":\"https:\/\/mussner.info\/en\/#website\",\"url\":\"https:\/\/mussner.info\/en\/\",\"name\":\"Mussner G. Vincenzo Ars Sacra - Statuen f\u00fcr Kirchen\",\"description\":\"Bildhauer - Kirchliche Kunst\",\"publisher\":{\"@id\":\"https:\/\/mussner.info\/en\/#organization\"},\"potentialAction\":[{\"@type\":\"SearchAction\",\"target\":{\"@type\":\"EntryPoint\",\"urlTemplate\":\"https:\/\/mussner.info\/en\/?s={search_term_string}\"},\"query-input\":{\"@type\":\"PropertyValueSpecification\",\"valueRequired\":true,\"valueName\":\"search_term_string\"}}],\"inLanguage\":\"en-US\"},{\"@type\":\"Organization\",\"@id\":\"https:\/\/mussner.info\/en\/#organization\",\"name\":\"Mussner Gregor\",\"url\":\"https:\/\/mussner.info\/en\/\",\"logo\":{\"@type\":\"ImageObject\",\"inLanguage\":\"en-US\",\"@id\":\"https:\/\/mussner.info\/en\/#\/schema\/logo\/image\/\",\"url\":\"https:\/\/mussner.info\/wp-content\/uploads\/2019\/02\/logo-white.png\",\"contentUrl\":\"https:\/\/mussner.info\/wp-content\/uploads\/2019\/02\/logo-white.png\",\"width\":217,\"height\":83,\"caption\":\"Mussner Gregor\"},\"image\":{\"@id\":\"https:\/\/mussner.info\/en\/#\/schema\/logo\/image\/\"},\"sameAs\":[\"https:\/\/www.facebook.com\/pages\/Mussner-GVincenzo-Ars-Sacra\/904098456317076\",\"https:\/\/x.com\/GMussner\",\"https:\/\/www.instagram.com\/mussner.g.vincenzo\/\"]}]}<\/script>\n<!-- \/ Yoast SEO plugin. -->","yoast_head_json":{"title":"Unique pieces for your church &#8212; Mussner G. Vincenzo","description":"Mussner G. Vincenzo fertigt Heiligenfiguren f\u00fcr Kirchen. Individuelle Unikate mit h\u00f6chstem k\u00fcnstlerischen Anspruch.","robots":{"index":"index","follow":"follow","max-snippet":"max-snippet:-1","max-image-preview":"max-image-preview:large","max-video-preview":"max-video-preview:-1"},"canonical":"https:\/\/mussner.info\/en\/unique-pieces-for-your-church\/","og_locale":"en_US","og_type":"article","og_title":"Unique pieces for your church &#8212; Mussner G. Vincenzo","og_description":"Mussner G. Vincenzo fertigt Heiligenfiguren f\u00fcr Kirchen. Individuelle Unikate mit h\u00f6chstem k\u00fcnstlerischen Anspruch.","og_url":"https:\/\/mussner.info\/en\/unique-pieces-for-your-church\/","og_site_name":"Mussner G. Vincenzo","article_publisher":"https:\/\/www.facebook.com\/pages\/Mussner-GVincenzo-Ars-Sacra\/904098456317076","article_modified_time":"2021-04-16T17:43:43+00:00","twitter_card":"summary_large_image","twitter_site":"@GMussner","twitter_misc":{"Est. reading time":"2 minutes"},"schema":{"@context":"https:\/\/schema.org","@graph":[{"@type":"WebPage","@id":"https:\/\/mussner.info\/en\/unique-pieces-for-your-church\/","url":"https:\/\/mussner.info\/en\/unique-pieces-for-your-church\/","name":"Unique pieces for your church &#8212; Mussner G. Vincenzo","isPartOf":{"@id":"https:\/\/mussner.info\/en\/#website"},"datePublished":"2020-09-28T16:45:48+00:00","dateModified":"2021-04-16T17:43:43+00:00","description":"Mussner G. Vincenzo fertigt Heiligenfiguren f\u00fcr Kirchen. Individuelle Unikate mit h\u00f6chstem k\u00fcnstlerischen Anspruch.","breadcrumb":{"@id":"https:\/\/mussner.info\/en\/unique-pieces-for-your-church\/#breadcrumb"},"inLanguage":"en-US","potentialAction":[{"@type":"ReadAction","target":["https:\/\/mussner.info\/en\/unique-pieces-for-your-church\/"]}]},{"@type":"BreadcrumbList","@id":"https:\/\/mussner.info\/en\/unique-pieces-for-your-church\/#breadcrumb","itemListElement":[{"@type":"ListItem","position":1,"name":"Startseite","item":"https:\/\/mussner.info\/en\/"},{"@type":"ListItem","position":2,"name":"Unique pieces for your church"}]},{"@type":"WebSite","@id":"https:\/\/mussner.info\/en\/#website","url":"https:\/\/mussner.info\/en\/","name":"Mussner G. Vincenzo Ars Sacra - Statuen f\u00fcr Kirchen","description":"Bildhauer - Kirchliche Kunst","publisher":{"@id":"https:\/\/mussner.info\/en\/#organization"},"potentialAction":[{"@type":"SearchAction","target":{"@type":"EntryPoint","urlTemplate":"https:\/\/mussner.info\/en\/?s={search_term_string}"},"query-input":{"@type":"PropertyValueSpecification","valueRequired":true,"valueName":"search_term_string"}}],"inLanguage":"en-US"},{"@type":"Organization","@id":"https:\/\/mussner.info\/en\/#organization","name":"Mussner Gregor","url":"https:\/\/mussner.info\/en\/","logo":{"@type":"ImageObject","inLanguage":"en-US","@id":"https:\/\/mussner.info\/en\/#\/schema\/logo\/image\/","url":"https:\/\/mussner.info\/wp-content\/uploads\/2019\/02\/logo-white.png","contentUrl":"https:\/\/mussner.info\/wp-content\/uploads\/2019\/02\/logo-white.png","width":217,"height":83,"caption":"Mussner Gregor"},"image":{"@id":"https:\/\/mussner.info\/en\/#\/schema\/logo\/image\/"},"sameAs":["https:\/\/www.facebook.com\/pages\/Mussner-GVincenzo-Ars-Sacra\/904098456317076","https:\/\/x.com\/GMussner","https:\/\/www.instagram.com\/mussner.g.vincenzo\/"]}]}},"_links":{"self":[{"href":"https:\/\/mussner.info\/en\/wp-json\/wp\/v2\/pages\/7364","targetHints":{"allow":["GET"]}}],"collection":[{"href":"https:\/\/mussner.info\/en\/wp-json\/wp\/v2\/pages"}],"about":[{"href":"https:\/\/mussner.info\/en\/wp-json\/wp\/v2\/types\/page"}],"author":[{"embeddable":true,"href":"https:\/\/mussner.info\/en\/wp-json\/wp\/v2\/users\/1"}],"replies":[{"embeddable":true,"href":"https:\/\/mussner.info\/en\/wp-json\/wp\/v2\/comments?post=7364"}],"version-history":[{"count":7,"href":"https:\/\/mussner.info\/en\/wp-json\/wp\/v2\/pages\/7364\/revisions"}],"predecessor-version":[{"id":7397,"href":"https:\/\/mussner.info\/en\/wp-json\/wp\/v2\/pages\/7364\/revisions\/7397"}],"wp:attachment":[{"href":"https:\/\/mussner.info\/en\/wp-json\/wp\/v2\/media?parent=7364"}],"curies":[{"name":"wp","href":"https:\/\/api.w.org\/{rel}","templated":true}]}}