{"id":7358,"date":"2020-09-28T18:45:48","date_gmt":"2020-09-28T16:45:48","guid":{"rendered":"https:\/\/mussner.info\/handgefertigte-heiligenfiguren\/"},"modified":"2021-04-16T19:42:57","modified_gmt":"2021-04-16T17:42:57","slug":"pezzi-unici-per-la-sua-chiesa","status":"publish","type":"page","link":"https:\/\/mussner.info\/it\/pezzi-unici-per-la-sua-chiesa\/","title":{"rendered":"Pezzi unici per la Sua chiesa"},"content":{"rendered":"\t\t<div data-elementor-type=\"wp-post\" data-elementor-id=\"7358\" class=\"elementor elementor-7358 elementor-7159\" data-elementor-post-type=\"page\">\n\t\t\t\t\t\t<section class=\"elementor-section elementor-top-section elementor-element elementor-element-87b6ee7 elementor-section-full_width elementor-section-height-default elementor-section-height-default\" data-id=\"87b6ee7\" data-element_type=\"section\">\n\t\t\t\t\t\t<div class=\"elementor-container elementor-column-gap-default\">\n\t\t\t\t\t<div class=\"elementor-column elementor-col-100 elementor-top-column elementor-element elementor-element-96fa290\" data-id=\"96fa290\" data-element_type=\"column\" data-settings=\"{&quot;background_background&quot;:&quot;classic&quot;}\">\n\t\t\t<div class=\"elementor-widget-wrap elementor-element-populated\">\n\t\t\t\t\t\t<div class=\"elementor-element elementor-element-62bd1ae elementor-widget elementor-widget-ova_heading_page\" data-id=\"62bd1ae\" data-element_type=\"widget\" data-widget_type=\"ova_heading_page.default\">\n\t\t\t\t<div class=\"elementor-widget-container\">\n\t\t\t\t\t\n\t\t<section class=\"heading-page\" style=\"background-image: url(https:\/\/mussner.info\/wp-content\/uploads\/2019\/04\/jesus.jpg)\" >\n\t\t\t<div class=\"container\">\n\t\t\t\t<div class=\"cta-content\">\n\t\t\t\t\t\t\t\t\t\t\t<h2 class=\"second_font\">Figure di santi<\/h2>\n\t\t\t\t\t\t\t\t\t\t\n\t\t\t\t<\/div>\n\t\t\t<\/div>\n\t\t<\/section>\n\n\t\t\t\t\t<\/div>\n\t\t\t\t<\/div>\n\t\t\t\t\t<\/div>\n\t\t<\/div>\n\t\t\t\t\t<\/div>\n\t\t<\/section>\n\t\t\t\t<section class=\"elementor-section elementor-top-section elementor-element elementor-element-ac5a5bd elementor-section-boxed elementor-section-height-default elementor-section-height-default\" data-id=\"ac5a5bd\" data-element_type=\"section\">\n\t\t\t\t\t\t<div class=\"elementor-container elementor-column-gap-default\">\n\t\t\t\t\t<div class=\"elementor-column elementor-col-100 elementor-top-column elementor-element elementor-element-d4501c6\" data-id=\"d4501c6\" data-element_type=\"column\">\n\t\t\t<div class=\"elementor-widget-wrap elementor-element-populated\">\n\t\t\t\t\t\t<div class=\"elementor-element elementor-element-8d4591e elementor-widget elementor-widget-ova_heading\" data-id=\"8d4591e\" data-element_type=\"widget\" data-widget_type=\"ova_heading.default\">\n\t\t\t\t<div class=\"elementor-widget-container\">\n\t\t\t\t\t\t\t<div class=\"ova_heading\">\n\t\t\t\t\t\t\t<h1 class=\"heading_title second_font\">Pezzi unici per la Sua chiesa<\/h1>\n\t\t\t\t\t\t\t\t\t\t<h2 class=\"sub_title second_font\">Scultore Gregor Mussner di Ortisei in Alto Adige<\/h2>\n\t\t\t\t\t<\/div>\n\t\t\t\t\t\t<\/div>\n\t\t\t\t<\/div>\n\t\t\t\t<div class=\"elementor-element elementor-element-64fe9a8 elementor-widget elementor-widget-menu-anchor\" data-id=\"64fe9a8\" data-element_type=\"widget\" data-widget_type=\"menu-anchor.default\">\n\t\t\t\t<div class=\"elementor-widget-container\">\n\t\t\t\t\t\t\t<div class=\"elementor-menu-anchor\" id=\"holz\"><\/div>\n\t\t\t\t\t\t<\/div>\n\t\t\t\t<\/div>\n\t\t\t\t<div class=\"elementor-element elementor-element-010769f elementor-widget elementor-widget-spacer\" data-id=\"010769f\" data-element_type=\"widget\" data-widget_type=\"spacer.default\">\n\t\t\t\t<div class=\"elementor-widget-container\">\n\t\t\t\t\t\t\t<div class=\"elementor-spacer\">\n\t\t\t<div class=\"elementor-spacer-inner\"><\/div>\n\t\t<\/div>\n\t\t\t\t\t\t<\/div>\n\t\t\t\t<\/div>\n\t\t\t\t<div class=\"elementor-element elementor-element-059a9fd line-height-32 elementor-widget elementor-widget-text-editor\" data-id=\"059a9fd\" data-element_type=\"widget\" data-widget_type=\"text-editor.default\">\n\t\t\t\t<div class=\"elementor-widget-container\">\n\t\t\t\t\t\t\t\t\t<p>Da sempre la chiesa \u00e8 stata uno dei pi\u00f9 importanti datori di lavoro per gli artisti ed artigiani. Le opere pi\u00f9 incredibili furono create per la chiesa, basta ricordare le opere di Michelangelo, Raffaello, Leonardo, i Della Robbia e tanti altri. Architetti, scultori, pittori e ingegneri hanno dato il loro meglio al servizio della chiesa.<\/p><p>Nella costituzione della Sacra Liturgia del Concilio Vaticano II., a capitolo VI, 122 si cita a riguardo dell&#8217;arte sacra: \u201cFra le pi\u00f9 nobili attivit\u00e0 dell&#8217;ingegno umano sono annoverate, a pieno diritto, le belle arti, soprattutto l&#8217;arte religiosa e il suo vertice, l&#8217;arte sacra. Esse, per loro natura, hanno relazione con l&#8217;infinita bellezza divina che deve essere in qualche modo espressa dalle opere dell&#8217;uomo, e sono tanto pi\u00f9 orientate a Dio e all&#8217;incremento della sua lode e della sua gloria, in quanto nessun altro fine \u00e8 stato loro assegnato se non quello di contribuire il pi\u00f9 efficacemente possibile, con le loro opere, a indirizzare religiosamente le menti degli uomini a Dio. Per tali motivi la santa madre Chiesa ha sempre favorito le belle arti, ed ha sempre ricercato il loro nobile servizio, specialmente per far s\u00ec che le cose appartenenti al culto sacro splendessero veramente per dignit\u00e0, decoro e bellezza, per significare e simbolizzare le realt\u00e0 soprannaturali; ed essa stessa ha formato degli artisti&#8230;\u201d<\/p><p>Si continua al punto 124: \u201cNel promuovere e favorire una autentica arte sacra, gli ordinari procurino di ricercare piuttosto una nobile bellezza che una mera sontuosit\u00e0.\u201c<\/p><p>\u00a0<\/p><p>Consone a quanto stabilito dal Concilio noi alla Mussner G. Vincenzo abbiamo come ideale quanto scritto ancora al punto 124: \u201cI vescovi abbiano ogni cura di allontanare dalla casa di Dio e dagli altri luoghi sacri quelle opere d&#8217;arte, che sono contrarie alla fede, ai costumi e alla piet\u00e0 cristiana; che offendono il genuino senso religioso, o perch\u00e9 depravate nelle forme, o perch\u00e9 insufficienti, mediocri o false nell&#8217;espressione artistica.\u201c<\/p><p>\u00a0<\/p><p>Per questi motivi ed anche per il nostro personale ideale cerchiamo di creare per ogni chiesa opere artistiche,degne del luogo sacro che dovranno ornare. Installazioni con materiali scadenti o da produzioni di massa non fanno parte del nostro dna.<\/p><p>Statue per chiese sono opere artistiche che devono venire elaborate con cura dall&#8217;artista. Naturalmente, questo richiede un tempo di lavorazione adeguato e una grande preparazione artigianale ed artistica, che vada insieme all&#8217;uso di tecniche e materiali moderni.<\/p>\t\t\t\t\t\t\t\t<\/div>\n\t\t\t\t<\/div>\n\t\t\t\t\t<\/div>\n\t\t<\/div>\n\t\t\t\t\t<\/div>\n\t\t<\/section>\n\t\t\t\t<section class=\"elementor-section elementor-top-section elementor-element elementor-element-c643dce elementor-section-boxed elementor-section-height-default elementor-section-height-default\" data-id=\"c643dce\" data-element_type=\"section\">\n\t\t\t\t\t\t<div class=\"elementor-container elementor-column-gap-default\">\n\t\t\t\t\t<div class=\"elementor-column elementor-col-100 elementor-top-column elementor-element elementor-element-f3425f1\" data-id=\"f3425f1\" data-element_type=\"column\">\n\t\t\t<div class=\"elementor-widget-wrap elementor-element-populated\">\n\t\t\t\t\t\t<div class=\"elementor-element elementor-element-b2b5147 elementor-align-center elementor-widget elementor-widget-button\" data-id=\"b2b5147\" data-element_type=\"widget\" data-widget_type=\"button.default\">\n\t\t\t\t<div class=\"elementor-widget-container\">\n\t\t\t\t\t\t\t\t\t<div class=\"elementor-button-wrapper\">\n\t\t\t\t\t<a class=\"elementor-button elementor-button-link elementor-size-lg\" href=\"https:\/\/mussner.info\/it\/lavori\/\">\n\t\t\t\t\t\t<span class=\"elementor-button-content-wrapper\">\n\t\t\t\t\t\t\t\t\t<span class=\"elementor-button-text\">Vai alle opere<\/span>\n\t\t\t\t\t<\/span>\n\t\t\t\t\t<\/a>\n\t\t\t\t<\/div>\n\t\t\t\t\t\t\t\t<\/div>\n\t\t\t\t<\/div>\n\t\t\t\t<div class=\"elementor-element elementor-element-4a9756b elementor-widget elementor-widget-spacer\" data-id=\"4a9756b\" data-element_type=\"widget\" data-widget_type=\"spacer.default\">\n\t\t\t\t<div class=\"elementor-widget-container\">\n\t\t\t\t\t\t\t<div class=\"elementor-spacer\">\n\t\t\t<div class=\"elementor-spacer-inner\"><\/div>\n\t\t<\/div>\n\t\t\t\t\t\t<\/div>\n\t\t\t\t<\/div>\n\t\t\t\t\t<\/div>\n\t\t<\/div>\n\t\t\t\t\t<\/div>\n\t\t<\/section>\n\t\t\t\t<\/div>\n\t\t","protected":false},"excerpt":{"rendered":"<p>Figure di santi Pezzi unici per la Sua chiesa Scultore Gregor Mussner di Ortisei in Alto Adige Da sempre la chiesa \u00e8 stata uno dei pi\u00f9 importanti datori di lavoro per gli artisti ed artigiani. Le opere pi\u00f9 incredibili furono create per la chiesa, basta ricordare le opere di Michelangelo, Raffaello, Leonardo, i Della Robbia [&hellip;]<\/p>\n","protected":false},"author":1,"featured_media":0,"parent":0,"menu_order":0,"comment_status":"closed","ping_status":"closed","template":"elementor_header_footer","meta":{"footnotes":""},"class_list":["post-7358","page","type-page","status-publish","hentry"],"yoast_head":"<!-- This site is optimized with the Yoast SEO plugin v26.3 - https:\/\/yoast.com\/wordpress\/plugins\/seo\/ -->\n<title>Pezzi unici per la Sua chiesa &#8212; Mussner G. Vincenzo<\/title>\n<meta name=\"description\" content=\"Mussner G. Vincenzo fertigt Heiligenfiguren f\u00fcr Kirchen. Individuelle Unikate mit h\u00f6chstem k\u00fcnstlerischen Anspruch.\" \/>\n<meta name=\"robots\" content=\"index, follow, max-snippet:-1, max-image-preview:large, max-video-preview:-1\" \/>\n<link rel=\"canonical\" href=\"https:\/\/mussner.info\/it\/pezzi-unici-per-la-sua-chiesa\/\" \/>\n<meta property=\"og:locale\" content=\"it_IT\" \/>\n<meta property=\"og:type\" content=\"article\" \/>\n<meta property=\"og:title\" content=\"Pezzi unici per la Sua chiesa &#8212; Mussner G. Vincenzo\" \/>\n<meta property=\"og:description\" content=\"Mussner G. Vincenzo fertigt Heiligenfiguren f\u00fcr Kirchen. Individuelle Unikate mit h\u00f6chstem k\u00fcnstlerischen Anspruch.\" \/>\n<meta property=\"og:url\" content=\"https:\/\/mussner.info\/it\/pezzi-unici-per-la-sua-chiesa\/\" \/>\n<meta property=\"og:site_name\" content=\"Mussner G. Vincenzo\" \/>\n<meta property=\"article:publisher\" content=\"https:\/\/www.facebook.com\/pages\/Mussner-GVincenzo-Ars-Sacra\/904098456317076\" \/>\n<meta property=\"article:modified_time\" content=\"2021-04-16T17:42:57+00:00\" \/>\n<meta name=\"twitter:card\" content=\"summary_large_image\" \/>\n<meta name=\"twitter:site\" content=\"@GMussner\" \/>\n<meta name=\"twitter:label1\" content=\"Tempo di lettura stimato\" \/>\n\t<meta name=\"twitter:data1\" content=\"2 minuti\" \/>\n<script type=\"application\/ld+json\" class=\"yoast-schema-graph\">{\"@context\":\"https:\/\/schema.org\",\"@graph\":[{\"@type\":\"WebPage\",\"@id\":\"https:\/\/mussner.info\/it\/pezzi-unici-per-la-sua-chiesa\/\",\"url\":\"https:\/\/mussner.info\/it\/pezzi-unici-per-la-sua-chiesa\/\",\"name\":\"Pezzi unici per la Sua chiesa &#8212; Mussner G. Vincenzo\",\"isPartOf\":{\"@id\":\"https:\/\/mussner.info\/it\/#website\"},\"datePublished\":\"2020-09-28T16:45:48+00:00\",\"dateModified\":\"2021-04-16T17:42:57+00:00\",\"description\":\"Mussner G. Vincenzo fertigt Heiligenfiguren f\u00fcr Kirchen. Individuelle Unikate mit h\u00f6chstem k\u00fcnstlerischen Anspruch.\",\"breadcrumb\":{\"@id\":\"https:\/\/mussner.info\/it\/pezzi-unici-per-la-sua-chiesa\/#breadcrumb\"},\"inLanguage\":\"it-IT\",\"potentialAction\":[{\"@type\":\"ReadAction\",\"target\":[\"https:\/\/mussner.info\/it\/pezzi-unici-per-la-sua-chiesa\/\"]}]},{\"@type\":\"BreadcrumbList\",\"@id\":\"https:\/\/mussner.info\/it\/pezzi-unici-per-la-sua-chiesa\/#breadcrumb\",\"itemListElement\":[{\"@type\":\"ListItem\",\"position\":1,\"name\":\"Startseite\",\"item\":\"https:\/\/mussner.info\/it\/\"},{\"@type\":\"ListItem\",\"position\":2,\"name\":\"Pezzi unici per la Sua chiesa\"}]},{\"@type\":\"WebSite\",\"@id\":\"https:\/\/mussner.info\/it\/#website\",\"url\":\"https:\/\/mussner.info\/it\/\",\"name\":\"Mussner G. Vincenzo Ars Sacra - Statuen f\u00fcr Kirchen\",\"description\":\"Bildhauer - Kirchliche Kunst\",\"publisher\":{\"@id\":\"https:\/\/mussner.info\/it\/#organization\"},\"potentialAction\":[{\"@type\":\"SearchAction\",\"target\":{\"@type\":\"EntryPoint\",\"urlTemplate\":\"https:\/\/mussner.info\/it\/?s={search_term_string}\"},\"query-input\":{\"@type\":\"PropertyValueSpecification\",\"valueRequired\":true,\"valueName\":\"search_term_string\"}}],\"inLanguage\":\"it-IT\"},{\"@type\":\"Organization\",\"@id\":\"https:\/\/mussner.info\/it\/#organization\",\"name\":\"Mussner Gregor\",\"url\":\"https:\/\/mussner.info\/it\/\",\"logo\":{\"@type\":\"ImageObject\",\"inLanguage\":\"it-IT\",\"@id\":\"https:\/\/mussner.info\/it\/#\/schema\/logo\/image\/\",\"url\":\"https:\/\/mussner.info\/wp-content\/uploads\/2019\/02\/logo-white.png\",\"contentUrl\":\"https:\/\/mussner.info\/wp-content\/uploads\/2019\/02\/logo-white.png\",\"width\":217,\"height\":83,\"caption\":\"Mussner Gregor\"},\"image\":{\"@id\":\"https:\/\/mussner.info\/it\/#\/schema\/logo\/image\/\"},\"sameAs\":[\"https:\/\/www.facebook.com\/pages\/Mussner-GVincenzo-Ars-Sacra\/904098456317076\",\"https:\/\/x.com\/GMussner\",\"https:\/\/www.instagram.com\/mussner.g.vincenzo\/\"]}]}<\/script>\n<!-- \/ Yoast SEO plugin. -->","yoast_head_json":{"title":"Pezzi unici per la Sua chiesa &#8212; Mussner G. Vincenzo","description":"Mussner G. Vincenzo fertigt Heiligenfiguren f\u00fcr Kirchen. Individuelle Unikate mit h\u00f6chstem k\u00fcnstlerischen Anspruch.","robots":{"index":"index","follow":"follow","max-snippet":"max-snippet:-1","max-image-preview":"max-image-preview:large","max-video-preview":"max-video-preview:-1"},"canonical":"https:\/\/mussner.info\/it\/pezzi-unici-per-la-sua-chiesa\/","og_locale":"it_IT","og_type":"article","og_title":"Pezzi unici per la Sua chiesa &#8212; Mussner G. Vincenzo","og_description":"Mussner G. Vincenzo fertigt Heiligenfiguren f\u00fcr Kirchen. Individuelle Unikate mit h\u00f6chstem k\u00fcnstlerischen Anspruch.","og_url":"https:\/\/mussner.info\/it\/pezzi-unici-per-la-sua-chiesa\/","og_site_name":"Mussner G. Vincenzo","article_publisher":"https:\/\/www.facebook.com\/pages\/Mussner-GVincenzo-Ars-Sacra\/904098456317076","article_modified_time":"2021-04-16T17:42:57+00:00","twitter_card":"summary_large_image","twitter_site":"@GMussner","twitter_misc":{"Tempo di lettura stimato":"2 minuti"},"schema":{"@context":"https:\/\/schema.org","@graph":[{"@type":"WebPage","@id":"https:\/\/mussner.info\/it\/pezzi-unici-per-la-sua-chiesa\/","url":"https:\/\/mussner.info\/it\/pezzi-unici-per-la-sua-chiesa\/","name":"Pezzi unici per la Sua chiesa &#8212; Mussner G. Vincenzo","isPartOf":{"@id":"https:\/\/mussner.info\/it\/#website"},"datePublished":"2020-09-28T16:45:48+00:00","dateModified":"2021-04-16T17:42:57+00:00","description":"Mussner G. Vincenzo fertigt Heiligenfiguren f\u00fcr Kirchen. Individuelle Unikate mit h\u00f6chstem k\u00fcnstlerischen Anspruch.","breadcrumb":{"@id":"https:\/\/mussner.info\/it\/pezzi-unici-per-la-sua-chiesa\/#breadcrumb"},"inLanguage":"it-IT","potentialAction":[{"@type":"ReadAction","target":["https:\/\/mussner.info\/it\/pezzi-unici-per-la-sua-chiesa\/"]}]},{"@type":"BreadcrumbList","@id":"https:\/\/mussner.info\/it\/pezzi-unici-per-la-sua-chiesa\/#breadcrumb","itemListElement":[{"@type":"ListItem","position":1,"name":"Startseite","item":"https:\/\/mussner.info\/it\/"},{"@type":"ListItem","position":2,"name":"Pezzi unici per la Sua chiesa"}]},{"@type":"WebSite","@id":"https:\/\/mussner.info\/it\/#website","url":"https:\/\/mussner.info\/it\/","name":"Mussner G. Vincenzo Ars Sacra - Statuen f\u00fcr Kirchen","description":"Bildhauer - Kirchliche Kunst","publisher":{"@id":"https:\/\/mussner.info\/it\/#organization"},"potentialAction":[{"@type":"SearchAction","target":{"@type":"EntryPoint","urlTemplate":"https:\/\/mussner.info\/it\/?s={search_term_string}"},"query-input":{"@type":"PropertyValueSpecification","valueRequired":true,"valueName":"search_term_string"}}],"inLanguage":"it-IT"},{"@type":"Organization","@id":"https:\/\/mussner.info\/it\/#organization","name":"Mussner Gregor","url":"https:\/\/mussner.info\/it\/","logo":{"@type":"ImageObject","inLanguage":"it-IT","@id":"https:\/\/mussner.info\/it\/#\/schema\/logo\/image\/","url":"https:\/\/mussner.info\/wp-content\/uploads\/2019\/02\/logo-white.png","contentUrl":"https:\/\/mussner.info\/wp-content\/uploads\/2019\/02\/logo-white.png","width":217,"height":83,"caption":"Mussner Gregor"},"image":{"@id":"https:\/\/mussner.info\/it\/#\/schema\/logo\/image\/"},"sameAs":["https:\/\/www.facebook.com\/pages\/Mussner-GVincenzo-Ars-Sacra\/904098456317076","https:\/\/x.com\/GMussner","https:\/\/www.instagram.com\/mussner.g.vincenzo\/"]}]}},"_links":{"self":[{"href":"https:\/\/mussner.info\/it\/wp-json\/wp\/v2\/pages\/7358","targetHints":{"allow":["GET"]}}],"collection":[{"href":"https:\/\/mussner.info\/it\/wp-json\/wp\/v2\/pages"}],"about":[{"href":"https:\/\/mussner.info\/it\/wp-json\/wp\/v2\/types\/page"}],"author":[{"embeddable":true,"href":"https:\/\/mussner.info\/it\/wp-json\/wp\/v2\/users\/1"}],"replies":[{"embeddable":true,"href":"https:\/\/mussner.info\/it\/wp-json\/wp\/v2\/comments?post=7358"}],"version-history":[{"count":10,"href":"https:\/\/mussner.info\/it\/wp-json\/wp\/v2\/pages\/7358\/revisions"}],"predecessor-version":[{"id":7394,"href":"https:\/\/mussner.info\/it\/wp-json\/wp\/v2\/pages\/7358\/revisions\/7394"}],"wp:attachment":[{"href":"https:\/\/mussner.info\/it\/wp-json\/wp\/v2\/media?parent=7358"}],"curies":[{"name":"wp","href":"https:\/\/api.w.org\/{rel}","templated":true}]}}